{"id":111,"date":"2025-08-26T14:30:41","date_gmt":"2025-08-26T14:30:41","guid":{"rendered":"https:\/\/cirugiaplasticaolivos.com.ar\/liftingdeepplane\/?page_id=111"},"modified":"2025-08-26T14:31:28","modified_gmt":"2025-08-26T14:31:28","slug":"soledad-rosenfed","status":"publish","type":"page","link":"https:\/\/cirugiaplasticaolivos.com.ar\/liftingdeepplane\/soledad-rosenfed\/","title":{"rendered":"Soledad Rosenfed"},"content":{"rendered":"\t\t<div data-elementor-type=\"wp-page\" data-elementor-id=\"111\" class=\"elementor elementor-111\">\n\t\t\t\t<div class=\"elementor-element elementor-element-85ca7f0 elementor-hidden-mobile e-flex e-con-boxed e-con e-parent\" data-id=\"85ca7f0\" data-element_type=\"container\">\n\t\t\t\t\t<div class=\"e-con-inner\">\n\t\t\t\t<div class=\"elementor-element elementor-element-bde606a elementor-widget elementor-widget-image\" data-id=\"bde606a\" data-element_type=\"widget\" data-widget_type=\"image.default\">\n\t\t\t\t\t\t\t\t\t\t\t\t\t\t\t<img fetchpriority=\"high\" decoding=\"async\" width=\"1024\" height=\"236\" src=\"https:\/\/cirugiaplasticaolivos.com.ar\/liftingdeepplane\/wp-content\/uploads\/2025\/08\/soledad-1024x236.jpg\" class=\"attachment-large size-large wp-image-113\" alt=\"\" srcset=\"https:\/\/cirugiaplasticaolivos.com.ar\/liftingdeepplane\/wp-content\/uploads\/2025\/08\/soledad-1024x236.jpg 1024w, https:\/\/cirugiaplasticaolivos.com.ar\/liftingdeepplane\/wp-content\/uploads\/2025\/08\/soledad-300x69.jpg 300w, https:\/\/cirugiaplasticaolivos.com.ar\/liftingdeepplane\/wp-content\/uploads\/2025\/08\/soledad-768x177.jpg 768w, https:\/\/cirugiaplasticaolivos.com.ar\/liftingdeepplane\/wp-content\/uploads\/2025\/08\/soledad.jpg 1100w\" sizes=\"(max-width: 1024px) 100vw, 1024px\" \/>\t\t\t\t\t\t\t\t\t\t\t\t\t\t\t<\/div>\n\t\t\t\t<div class=\"elementor-element elementor-element-697286a elementor-widget elementor-widget-spacer\" data-id=\"697286a\" data-element_type=\"widget\" data-widget_type=\"spacer.default\">\n\t\t\t\t\t\t\t<div class=\"elementor-spacer\">\n\t\t\t<div class=\"elementor-spacer-inner\"><\/div>\n\t\t<\/div>\n\t\t\t\t\t\t<\/div>\n\t\t\t\t\t<\/div>\n\t\t\t\t<\/div>\n\t\t<div class=\"elementor-element elementor-element-9b783d3 e-flex e-con-boxed e-con e-parent\" data-id=\"9b783d3\" data-element_type=\"container\">\n\t\t\t\t\t<div class=\"e-con-inner\">\n\t\t\t\t<div class=\"elementor-element elementor-element-ecca683 elementor-invisible elementor-widget elementor-widget-heading\" data-id=\"ecca683\" data-element_type=\"widget\" data-settings=\"{&quot;_animation&quot;:&quot;fadeInRight&quot;}\" data-widget_type=\"heading.default\">\n\t\t\t\t\t<h1 class=\"elementor-heading-title elementor-size-default\">SOLEDAD  <B>ROSENFELD<\/B><\/h1>\t\t\t\t<\/div>\n\t\t\t\t<div class=\"elementor-element elementor-element-7d838e1 elementor-widget elementor-widget-text-editor\" data-id=\"7d838e1\" data-element_type=\"widget\" data-widget_type=\"text-editor.default\">\n\t\t\t\t\t\t\t\t\t<p><span class=\"OYPEnA font-feature-liga-off font-feature-clig-off font-feature-calt-off text-decoration-none text-strikethrough-none\">CONOCE MI<\/span><strong><span class=\"OYPEnA font-feature-liga-off font-feature-clig-off font-feature-calt-off text-decoration-none text-strikethrough-none\"> HISTORIA PROFESIONAL<\/span><\/strong><\/p>\t\t\t\t\t\t\t\t<\/div>\n\t\t\t\t<div class=\"elementor-element elementor-element-a488026 elementor-hidden-desktop elementor-hidden-tablet elementor-widget elementor-widget-image\" data-id=\"a488026\" data-element_type=\"widget\" data-widget_type=\"image.default\">\n\t\t\t\t\t\t\t\t\t\t\t\t\t\t\t<img decoding=\"async\" width=\"320\" height=\"300\" src=\"https:\/\/cirugiaplasticaolivos.com.ar\/liftingdeepplane\/wp-content\/uploads\/2025\/08\/6-1.jpg\" class=\"attachment-large size-large wp-image-114\" alt=\"\" srcset=\"https:\/\/cirugiaplasticaolivos.com.ar\/liftingdeepplane\/wp-content\/uploads\/2025\/08\/6-1.jpg 320w, https:\/\/cirugiaplasticaolivos.com.ar\/liftingdeepplane\/wp-content\/uploads\/2025\/08\/6-1-300x281.jpg 300w\" sizes=\"(max-width: 320px) 100vw, 320px\" \/>\t\t\t\t\t\t\t\t\t\t\t\t\t\t\t<\/div>\n\t\t\t\t<div class=\"elementor-element elementor-element-f2b0185 elementor-invisible elementor-widget elementor-widget-text-editor\" data-id=\"f2b0185\" data-element_type=\"widget\" data-settings=\"{&quot;_animation&quot;:&quot;fadeInLeft&quot;}\" data-widget_type=\"text-editor.default\">\n\t\t\t\t\t\t\t\t\t<p class=\"cvGsUA direction-ltr align-justify para-style-body\"><span class=\"OYPEnA font-feature-liga-off font-feature-clig-off font-feature-calt-off text-decoration-none text-strikethrough-none\">Mi recorrido en la medicina comenz\u00f3 en la <\/span><strong><span class=\"OYPEnA font-feature-liga-off font-feature-clig-off font-feature-calt-off text-decoration-none text-strikethrough-none\">Universidad de Buenos Aires (UBA), donde me gradu\u00e9 con Diploma de Honor.<\/span><\/strong><\/p><p class=\"cvGsUA direction-ltr align-justify para-style-body\"><span class=\"OYPEnA font-feature-liga-off font-feature-clig-off font-feature-calt-off text-decoration-none text-strikethrough-none\">Realic\u00e9 mi especializaci\u00f3n en el <\/span><span class=\"OYPEnA font-feature-liga-off font-feature-clig-off font-feature-calt-off text-decoration-none text-strikethrough-none\"><strong>Hospital General de Agudos Carlos G. Durand<\/strong>,<\/span><span class=\"OYPEnA font-feature-liga-off font-feature-clig-off font-feature-calt-off text-decoration-none text-strikethrough-none\"> un per\u00edodo en el que tuve el honor de desempe\u00f1arme como <\/span><strong><span class=\"OYPEnA font-feature-liga-off font-feature-clig-off font-feature-calt-off text-decoration-none text-strikethrough-none\">Jefa e Instructora de Residentes.<\/span><\/strong><\/p><p class=\"cvGsUA direction-ltr align-justify para-style-body\"><span class=\"OYPEnA font-feature-liga-off font-feature-clig-off font-feature-calt-off text-decoration-none text-strikethrough-none\">Durante mi formaci\u00f3n, busqu\u00e9 ampliar mis horizontes y conocimientos. Realic\u00e9 rotaciones clave en cirug\u00eda pl\u00e1stica infantil y en el <\/span><span class=\"OYPEnA font-feature-liga-off font-feature-clig-off font-feature-calt-off text-decoration-none text-strikethrough-none\"><strong>Hospital de Quemados<\/strong>,<\/span><span class=\"OYPEnA font-feature-liga-off font-feature-clig-off font-feature-calt-off text-decoration-none text-strikethrough-none\"> as\u00ed como en el <\/span><strong><span class=\"OYPEnA font-feature-liga-off font-feature-clig-off font-feature-calt-off text-decoration-none text-strikethrough-none\">Centro de Rehabilitaci\u00f3n Psicof\u00edsica<\/span><span class=\"OYPEnA font-feature-liga-off font-feature-clig-off font-feature-calt-off text-decoration-none text-strikethrough-none\">. <\/span><span class=\"OYPEnA font-feature-liga-off font-feature-clig-off font-feature-calt-off text-decoration-none text-strikethrough-none\">Mi compromiso con la vanguardia de la cirug\u00eda me llev\u00f3 a formarme en cirug\u00eda transg\u00e9nero en Estados Unidos.<\/span><\/strong><\/p><p class=\"cvGsUA direction-ltr align-justify para-style-body\"><span class=\"OYPEnA font-feature-liga-off font-feature-clig-off font-feature-calt-off text-decoration-none text-strikethrough-none\">Mi experiencia profesional incluye haber trabajado en el reconocido <\/span><strong><span class=\"OYPEnA font-feature-liga-off font-feature-clig-off font-feature-calt-off text-decoration-none text-strikethrough-none\">Sanatorio Finochietto<\/span><\/strong><span class=\"OYPEnA font-feature-liga-off font-feature-clig-off font-feature-calt-off text-decoration-none text-strikethrough-none\"><strong>.<\/strong> Actualmente, formo parte del equipo de <\/span><strong><span class=\"OYPEnA font-feature-liga-off font-feature-clig-off font-feature-calt-off text-decoration-none text-strikethrough-none\">Cl\u00ednica del Sol<\/span><\/strong><span class=\"OYPEnA font-feature-liga-off font-feature-clig-off font-feature-calt-off text-decoration-none text-strikethrough-none\"> y, hace una d\u00e9cada, di vida a mi proyecto m\u00e1s ambicioso: <\/span><span class=\"OYPEnA font-feature-liga-off font-feature-clig-off font-feature-calt-off text-decoration-none text-strikethrough-none\"><strong>Cirug\u00eda Pl\u00e1stica Olivos. Hoy, me enorgullece decir que es un centro referente en todas las subespecialidades de la cirug\u00eda pl\u00e1stica, del cual soy Directora M\u00e9dica.<\/strong><\/span><\/p>\t\t\t\t\t\t\t\t<\/div>\n\t\t\t\t<div class=\"elementor-element elementor-element-eb06e17 elementor-widget-divider--view-line elementor-widget elementor-widget-divider\" data-id=\"eb06e17\" data-element_type=\"widget\" data-widget_type=\"divider.default\">\n\t\t\t\t\t\t\t<div class=\"elementor-divider\">\n\t\t\t<span class=\"elementor-divider-separator\">\n\t\t\t\t\t\t<\/span>\n\t\t<\/div>\n\t\t\t\t\t\t<\/div>\n\t\t\t\t\t<\/div>\n\t\t\t\t<\/div>\n\t\t\t\t<\/div>\n\t\t","protected":false},"excerpt":{"rendered":"<p>SOLEDAD ROSENFELD CONOCE MI HISTORIA PROFESIONAL Mi recorrido en la medicina comenz\u00f3 en la Universidad de Buenos Aires (UBA), donde [&hellip;]<\/p>\n","protected":false},"author":2,"featured_media":0,"parent":0,"menu_order":0,"comment_status":"closed","ping_status":"closed","template":"","meta":{"site-sidebar-layout":"no-sidebar","site-content-layout":"","ast-site-content-layout":"full-width-container","site-content-style":"default","site-sidebar-style":"default","ast-global-header-display":"","ast-banner-title-visibility":"","ast-main-header-display":"","ast-hfb-above-header-display":"","ast-hfb-below-header-display":"","ast-hfb-mobile-header-display":"","site-post-title":"disabled","ast-breadcrumbs-content":"","ast-featured-img":"disabled","footer-sml-layout":"","theme-transparent-header-meta":"","adv-header-id-meta":"","stick-header-meta":"","header-above-stick-meta":"","header-main-stick-meta":"","header-below-stick-meta":"","astra-migrate-meta-layouts":"default","ast-page-background-enabled":"default","ast-page-background-meta":{"desktop":{"background-color":"var(--ast-global-color-5)","background-image":"","background-repeat":"repeat","background-position":"center center","background-size":"auto","background-attachment":"scroll","background-type":"","background-media":"","overlay-type":"","overlay-color":"","overlay-opacity":"","overlay-gradient":""},"tablet":{"background-color":"","background-image":"","background-repeat":"repeat","background-position":"center center","background-size":"auto","background-attachment":"scroll","background-type":"","background-media":"","overlay-type":"","overlay-color":"","overlay-opacity":"","overlay-gradient":""},"mobile":{"background-color":"","background-image":"","background-repeat":"repeat","background-position":"center center","background-size":"auto","background-attachment":"scroll","background-type":"","background-media":"","overlay-type":"","overlay-color":"","overlay-opacity":"","overlay-gradient":""}},"ast-content-background-meta":{"desktop":{"background-color":"var(--ast-global-color-4)","background-image":"","background-repeat":"repeat","background-position":"center center","background-size":"auto","background-attachment":"scroll","background-type":"","background-media":"","overlay-type":"","overlay-color":"","overlay-opacity":"","overlay-gradient":""},"tablet":{"background-color":"var(--ast-global-color-4)","background-image":"","background-repeat":"repeat","background-position":"center center","background-size":"auto","background-attachment":"scroll","background-type":"","background-media":"","overlay-type":"","overlay-color":"","overlay-opacity":"","overlay-gradient":""},"mobile":{"background-color":"var(--ast-global-color-4)","background-image":"","background-repeat":"repeat","background-position":"center center","background-size":"auto","background-attachment":"scroll","background-type":"","background-media":"","overlay-type":"","overlay-color":"","overlay-opacity":"","overlay-gradient":""}},"footnotes":""},"class_list":["post-111","page","type-page","status-publish","hentry"],"_links":{"self":[{"href":"https:\/\/cirugiaplasticaolivos.com.ar\/liftingdeepplane\/wp-json\/wp\/v2\/pages\/111","targetHints":{"allow":["GET"]}}],"collection":[{"href":"https:\/\/cirugiaplasticaolivos.com.ar\/liftingdeepplane\/wp-json\/wp\/v2\/pages"}],"about":[{"href":"https:\/\/cirugiaplasticaolivos.com.ar\/liftingdeepplane\/wp-json\/wp\/v2\/types\/page"}],"author":[{"embeddable":true,"href":"https:\/\/cirugiaplasticaolivos.com.ar\/liftingdeepplane\/wp-json\/wp\/v2\/users\/2"}],"replies":[{"embeddable":true,"href":"https:\/\/cirugiaplasticaolivos.com.ar\/liftingdeepplane\/wp-json\/wp\/v2\/comments?post=111"}],"version-history":[{"count":4,"href":"https:\/\/cirugiaplasticaolivos.com.ar\/liftingdeepplane\/wp-json\/wp\/v2\/pages\/111\/revisions"}],"predecessor-version":[{"id":117,"href":"https:\/\/cirugiaplasticaolivos.com.ar\/liftingdeepplane\/wp-json\/wp\/v2\/pages\/111\/revisions\/117"}],"wp:attachment":[{"href":"https:\/\/cirugiaplasticaolivos.com.ar\/liftingdeepplane\/wp-json\/wp\/v2\/media?parent=111"}],"curies":[{"name":"wp","href":"https:\/\/api.w.org\/{rel}","templated":true}]}}