{"id":104,"date":"2025-08-26T14:27:49","date_gmt":"2025-08-26T14:27:49","guid":{"rendered":"https:\/\/cirugiaplasticaolivos.com.ar\/liftingdeepplane\/?page_id=104"},"modified":"2025-08-26T14:29:53","modified_gmt":"2025-08-26T14:29:53","slug":"carlos-malzoni","status":"publish","type":"page","link":"https:\/\/cirugiaplasticaolivos.com.ar\/liftingdeepplane\/carlos-malzoni\/","title":{"rendered":"Carlos Malzoni"},"content":{"rendered":"\t\t<div data-elementor-type=\"wp-page\" data-elementor-id=\"104\" class=\"elementor elementor-104\">\n\t\t\t\t<div class=\"elementor-element elementor-element-30d174f elementor-hidden-mobile e-flex e-con-boxed e-con e-parent\" data-id=\"30d174f\" data-element_type=\"container\">\n\t\t\t\t\t<div class=\"e-con-inner\">\n\t\t\t\t<div class=\"elementor-element elementor-element-7918385 elementor-widget elementor-widget-image\" data-id=\"7918385\" data-element_type=\"widget\" data-widget_type=\"image.default\">\n\t\t\t\t\t\t\t\t\t\t\t\t\t\t\t<img fetchpriority=\"high\" decoding=\"async\" width=\"966\" height=\"217\" src=\"https:\/\/cirugiaplasticaolivos.com.ar\/liftingdeepplane\/wp-content\/uploads\/2025\/08\/carlos.png\" class=\"attachment-large size-large wp-image-106\" alt=\"\" srcset=\"https:\/\/cirugiaplasticaolivos.com.ar\/liftingdeepplane\/wp-content\/uploads\/2025\/08\/carlos.png 966w, https:\/\/cirugiaplasticaolivos.com.ar\/liftingdeepplane\/wp-content\/uploads\/2025\/08\/carlos-300x67.png 300w, https:\/\/cirugiaplasticaolivos.com.ar\/liftingdeepplane\/wp-content\/uploads\/2025\/08\/carlos-768x173.png 768w\" sizes=\"(max-width: 966px) 100vw, 966px\" \/>\t\t\t\t\t\t\t\t\t\t\t\t\t\t\t<\/div>\n\t\t\t\t<div class=\"elementor-element elementor-element-63dc425 elementor-widget elementor-widget-spacer\" data-id=\"63dc425\" data-element_type=\"widget\" data-widget_type=\"spacer.default\">\n\t\t\t\t\t\t\t<div class=\"elementor-spacer\">\n\t\t\t<div class=\"elementor-spacer-inner\"><\/div>\n\t\t<\/div>\n\t\t\t\t\t\t<\/div>\n\t\t\t\t\t<\/div>\n\t\t\t\t<\/div>\n\t\t<div class=\"elementor-element elementor-element-1bf8367 e-flex e-con-boxed e-con e-parent\" data-id=\"1bf8367\" data-element_type=\"container\">\n\t\t\t\t\t<div class=\"e-con-inner\">\n\t\t\t\t<div class=\"elementor-element elementor-element-14161a9 elementor-invisible elementor-widget elementor-widget-heading\" data-id=\"14161a9\" data-element_type=\"widget\" data-settings=\"{&quot;_animation&quot;:&quot;fadeInRight&quot;}\" data-widget_type=\"heading.default\">\n\t\t\t\t\t<h1 class=\"elementor-heading-title elementor-size-default\">Carlos <B>MALZONI<\/B><\/h1>\t\t\t\t<\/div>\n\t\t\t\t<div class=\"elementor-element elementor-element-fa4fcbe elementor-widget elementor-widget-text-editor\" data-id=\"fa4fcbe\" data-element_type=\"widget\" data-widget_type=\"text-editor.default\">\n\t\t\t\t\t\t\t\t\t<p><span class=\"OYPEnA font-feature-liga-off font-feature-clig-off font-feature-calt-off text-decoration-none text-strikethrough-none\">CONOCE MI<\/span><strong><span class=\"OYPEnA font-feature-liga-off font-feature-clig-off font-feature-calt-off text-decoration-none text-strikethrough-none\"> HISTORIA PROFESIONAL<\/span><\/strong><\/p>\t\t\t\t\t\t\t\t<\/div>\n\t\t\t\t<div class=\"elementor-element elementor-element-13768ff elementor-hidden-desktop elementor-hidden-tablet elementor-widget elementor-widget-image\" data-id=\"13768ff\" data-element_type=\"widget\" data-widget_type=\"image.default\">\n\t\t\t\t\t\t\t\t\t\t\t\t\t\t\t<img decoding=\"async\" width=\"320\" height=\"300\" src=\"https:\/\/cirugiaplasticaolivos.com.ar\/liftingdeepplane\/wp-content\/uploads\/2025\/08\/2-2.jpg\" class=\"attachment-large size-large wp-image-107\" alt=\"\" srcset=\"https:\/\/cirugiaplasticaolivos.com.ar\/liftingdeepplane\/wp-content\/uploads\/2025\/08\/2-2.jpg 320w, https:\/\/cirugiaplasticaolivos.com.ar\/liftingdeepplane\/wp-content\/uploads\/2025\/08\/2-2-300x281.jpg 300w\" sizes=\"(max-width: 320px) 100vw, 320px\" \/>\t\t\t\t\t\t\t\t\t\t\t\t\t\t\t<\/div>\n\t\t\t\t<div class=\"elementor-element elementor-element-c98d0a4 elementor-invisible elementor-widget elementor-widget-text-editor\" data-id=\"c98d0a4\" data-element_type=\"widget\" data-settings=\"{&quot;_animation&quot;:&quot;fadeInLeft&quot;}\" data-widget_type=\"text-editor.default\">\n\t\t\t\t\t\t\t\t\t<p class=\"cvGsUA direction-ltr align-justify para-style-body\"><span class=\"OYPEnA font-feature-liga-off font-feature-clig-off font-feature-calt-off text-decoration-none text-strikethrough-none\">Me recib\u00ed de m\u00e9dico en 1990 a los 22 a\u00f1os de edad en la Facultad de Medicina de la Universidad de Buenos Aires (UBA) y realic\u00e9 mi residencia y especializaci\u00f3n en Cirug\u00eda Pl\u00e1stica y Reparadora de la Municipalidad de la Ciudad de Buenos Aires (al obtener el segundo lugar entre m\u00e1s de cien aspirantes en el examen de Plan de Residencias M\u00e9dicas y as\u00ed acceder a la prestigiosa Divisi\u00f3n de Cirug\u00eda Pl\u00e1stica y Reconstructiva del Hospital Ramos Mej\u00eda.<\/span><\/p><p class=\"cvGsUA direction-ltr align-justify para-style-body\"><span class=\"OYPEnA font-feature-liga-off font-feature-clig-off font-feature-calt-off text-decoration-none text-strikethrough-none\">As\u00ed obtuve mi t\u00edtulo de especialista a los 26 a\u00f1os asistiendo y ejecutando las m\u00e1s complejas cirug\u00edas est\u00e9ticas y reparadoras, complementando adem\u00e1s mi formaci\u00f3n con especializaciones y pasant\u00edas en centros de Cirug\u00eda Pl\u00e1stica en el exterior (Estados Unidos y Brasil), orientadas principalmente a cirug\u00eda est\u00e9tica, cirug\u00eda maxilofacial y cirug\u00eda postbar\u00e1trica.<\/span><\/p><p class=\"cvGsUA direction-ltr align-justify para-style-body\"><span class=\"OYPEnA font-feature-liga-off font-feature-clig-off font-feature-calt-off text-decoration-none text-strikethrough-none\">Durante mi actividad Hospitalaria me desempe\u00f1\u00e9 como Jefe de Residentes, Instructor de Residentes y M\u00e9dico de Staff hasta el a\u00f1o 2009. Simult\u00e1neamente a mi actividad en Hospital P\u00fablico inici\u00e9 mi actividad en consultorio particular y como integrante del Equipo de Cirug\u00eda Pl\u00e1stica Reparadora y M\u00e1xilofacial dirigido por el Dr. Jos\u00e9 Alberto Cerisola, orientada a la Cirug\u00eda Pl\u00e1stica Reconstructiva de Cabeza y Cuello y Traumatismos y Malformaciones Craneom\u00e1xilofaciales, extendiendo luego estas actividades durante los a\u00f1os siguientes a Sanatorio San Patricio (1996 -1998), Sanatorio Jockey Club San Isidro Cl\u00ednica Bessone (1999-2001), Sanatorio Mater Dei (1999-2001) y Cl\u00ednica del Sol (1999 a la actualidad); y a empresas de medicina prepaga y seguros de salud de primer nivel como SPM (actualmente Galeno desde1998 a 2001), CNA ART (1998-2001), OSDE (1999 a 2018) y OSDIPP Y OMINT (1999 a la actualidad)<\/span><\/p><p class=\"cvGsUA direction-ltr align-justify para-style-body\"><span class=\"OYPEnA font-feature-liga-off font-feature-clig-off font-feature-calt-off text-decoration-none text-strikethrough-none\">Paralelamente a mi actividad asistencial concurr\u00ed desde 1993 hasta la fecha a los m\u00e1s importantes congresos nacionales e internacionales<\/span> <span class=\"OYPEnA font-feature-liga-off font-feature-clig-off font-feature-calt-off text-decoration-none text-strikethrough-none\">y present\u00e9 diversos trabajos cient\u00edficos en los mismos, adem\u00e1s de publicaciones en prestigiosos medios cient\u00edficos nacionales e internacionales. Soy miembro titular de la Sociedad de Cirug\u00eda Pl\u00e1stica de Buenos Aires, de la Sociedad Argentina de Cirug\u00eda Pl\u00e1stica y diversas Sociedades Cient\u00edficas Internacionales.<\/span><\/p><p class=\"cvGsUA direction-ltr align-justify para-style-body\"><strong><span class=\"OYPEnA font-feature-liga-off font-feature-clig-off font-feature-calt-off text-decoration-none text-strikethrough-none\">Actualmente mi actividad est\u00e1 centralizada en Cl\u00ednica del Sol (Grupo OMINT) y en Cirug\u00eda Pl\u00e1stica Olivos, que es un ambicioso proyecto que fund\u00e9 en 2018 con la misi\u00f3n de ofrecer a los pacientes toda mi experiencia en un \u00e1mbito de atenci\u00f3n personalizada y excelencia profesional con la enorme satisfacci\u00f3n de haber logrado que Cirug\u00eda Pl\u00e1stica Olivos sea actualmente un centro de vanguardia y de referencia en Cirug\u00eda Pl\u00e1stica, Est\u00e9tica y Reparadora en permanente evoluci\u00f3n.<\/span><\/strong><\/p>\t\t\t\t\t\t\t\t<\/div>\n\t\t\t\t<div class=\"elementor-element elementor-element-3f56e7c elementor-widget-divider--view-line elementor-widget elementor-widget-divider\" data-id=\"3f56e7c\" data-element_type=\"widget\" data-widget_type=\"divider.default\">\n\t\t\t\t\t\t\t<div class=\"elementor-divider\">\n\t\t\t<span class=\"elementor-divider-separator\">\n\t\t\t\t\t\t<\/span>\n\t\t<\/div>\n\t\t\t\t\t\t<\/div>\n\t\t\t\t\t<\/div>\n\t\t\t\t<\/div>\n\t\t\t\t<\/div>\n\t\t","protected":false},"excerpt":{"rendered":"<p>Carlos MALZONI CONOCE MI HISTORIA PROFESIONAL Me recib\u00ed de m\u00e9dico en 1990 a los 22 a\u00f1os de edad en la [&hellip;]<\/p>\n","protected":false},"author":2,"featured_media":0,"parent":0,"menu_order":0,"comment_status":"closed","ping_status":"closed","template":"","meta":{"site-sidebar-layout":"no-sidebar","site-content-layout":"","ast-site-content-layout":"full-width-container","site-content-style":"default","site-sidebar-style":"default","ast-global-header-display":"","ast-banner-title-visibility":"","ast-main-header-display":"","ast-hfb-above-header-display":"","ast-hfb-below-header-display":"","ast-hfb-mobile-header-display":"","site-post-title":"disabled","ast-breadcrumbs-content":"","ast-featured-img":"disabled","footer-sml-layout":"","theme-transparent-header-meta":"","adv-header-id-meta":"","stick-header-meta":"","header-above-stick-meta":"","header-main-stick-meta":"","header-below-stick-meta":"","astra-migrate-meta-layouts":"default","ast-page-background-enabled":"default","ast-page-background-meta":{"desktop":{"background-color":"var(--ast-global-color-5)","background-image":"","background-repeat":"repeat","background-position":"center center","background-size":"auto","background-attachment":"scroll","background-type":"","background-media":"","overlay-type":"","overlay-color":"","overlay-opacity":"","overlay-gradient":""},"tablet":{"background-color":"","background-image":"","background-repeat":"repeat","background-position":"center center","background-size":"auto","background-attachment":"scroll","background-type":"","background-media":"","overlay-type":"","overlay-color":"","overlay-opacity":"","overlay-gradient":""},"mobile":{"background-color":"","background-image":"","background-repeat":"repeat","background-position":"center center","background-size":"auto","background-attachment":"scroll","background-type":"","background-media":"","overlay-type":"","overlay-color":"","overlay-opacity":"","overlay-gradient":""}},"ast-content-background-meta":{"desktop":{"background-color":"var(--ast-global-color-4)","background-image":"","background-repeat":"repeat","background-position":"center center","background-size":"auto","background-attachment":"scroll","background-type":"","background-media":"","overlay-type":"","overlay-color":"","overlay-opacity":"","overlay-gradient":""},"tablet":{"background-color":"var(--ast-global-color-4)","background-image":"","background-repeat":"repeat","background-position":"center center","background-size":"auto","background-attachment":"scroll","background-type":"","background-media":"","overlay-type":"","overlay-color":"","overlay-opacity":"","overlay-gradient":""},"mobile":{"background-color":"var(--ast-global-color-4)","background-image":"","background-repeat":"repeat","background-position":"center center","background-size":"auto","background-attachment":"scroll","background-type":"","background-media":"","overlay-type":"","overlay-color":"","overlay-opacity":"","overlay-gradient":""}},"footnotes":""},"class_list":["post-104","page","type-page","status-publish","hentry"],"_links":{"self":[{"href":"https:\/\/cirugiaplasticaolivos.com.ar\/liftingdeepplane\/wp-json\/wp\/v2\/pages\/104","targetHints":{"allow":["GET"]}}],"collection":[{"href":"https:\/\/cirugiaplasticaolivos.com.ar\/liftingdeepplane\/wp-json\/wp\/v2\/pages"}],"about":[{"href":"https:\/\/cirugiaplasticaolivos.com.ar\/liftingdeepplane\/wp-json\/wp\/v2\/types\/page"}],"author":[{"embeddable":true,"href":"https:\/\/cirugiaplasticaolivos.com.ar\/liftingdeepplane\/wp-json\/wp\/v2\/users\/2"}],"replies":[{"embeddable":true,"href":"https:\/\/cirugiaplasticaolivos.com.ar\/liftingdeepplane\/wp-json\/wp\/v2\/comments?post=104"}],"version-history":[{"count":4,"href":"https:\/\/cirugiaplasticaolivos.com.ar\/liftingdeepplane\/wp-json\/wp\/v2\/pages\/104\/revisions"}],"predecessor-version":[{"id":110,"href":"https:\/\/cirugiaplasticaolivos.com.ar\/liftingdeepplane\/wp-json\/wp\/v2\/pages\/104\/revisions\/110"}],"wp:attachment":[{"href":"https:\/\/cirugiaplasticaolivos.com.ar\/liftingdeepplane\/wp-json\/wp\/v2\/media?parent=104"}],"curies":[{"name":"wp","href":"https:\/\/api.w.org\/{rel}","templated":true}]}}